{"id":72,"date":"2026-04-11T23:37:27","date_gmt":"2026-04-11T20:37:27","guid":{"rendered":"https:\/\/turanakif.com\/index.php\/blog\/"},"modified":"2026-04-12T03:07:16","modified_gmt":"2026-04-12T00:07:16","slug":"blog","status":"publish","type":"page","link":"https:\/\/turanakif.com\/index.php\/blog\/","title":{"rendered":"Blog"},"content":{"rendered":"\n<div class=\"section-wrapper\" data-id=\"4rjaNC\"><section class=\"wp-block-gutenverse-section guten-element guten-section guten-4rjaNC hide-mobile layout-boxed align-stretch\"><div class=\"guten-shape-divider guten-shape-divider-top\"><\/div><div class=\"guten-container guten-column-gap-no\">\n<div class=\"wp-block-gutenverse-column guten-element guten-column guten-1GVgYf\"><div class=\"guten-column-wrapper\" data-id=\"1GVgYf\">\n<div class=\"section-wrapper\" data-id=\"UPPAao\"><section class=\"wp-block-gutenverse-section guten-element guten-section guten-UPPAao layout-boxed align-stretch\"><div class=\"guten-container guten-column-gap-default\">\n<div class=\"wp-block-gutenverse-column guten-element guten-column guten-92H6f4\"><div class=\"guten-column-wrapper\" data-id=\"92H6f4\">\n<div class=\"wp-block-group alignfull is-layout-constrained wp-container-core-group-is-layout-23b1a4dc wp-block-group-is-layout-constrained\" style=\"padding-top:var(--wp--preset--spacing--30);padding-right:var(--wp--preset--spacing--30);padding-bottom:var(--wp--preset--spacing--30);padding-left:var(--wp--preset--spacing--30)\">\n<div class=\"wp-block-group alignwide is-content-justification-space-between is-layout-flex wp-container-core-group-is-layout-b2891da8 wp-block-group-is-layout-flex\">\n<div class=\"wp-block-group is-layout-flex wp-block-group-is-layout-flex\"><h4 style=\"border-style:none;border-width:0px; margin-top:0;margin-bottom:0;margin-right:0;margin-left:0;\" class=\"has-link-color wp-elements-fba7d776033e7d7903a8afdfd8ee5bd2 wp-block-site-title has-large-font-size\"><a href=\"https:\/\/turanakif.com\" target=\"_self\" rel=\"home\">Akif Turan<\/a><\/h4><\/div>\n<\/div>\n<\/div>\n<\/div><\/div>\n\n\n\n<div class=\"wp-block-gutenverse-column guten-element guten-column guten-aEEEe4\"><div class=\"guten-column-wrapper\" data-id=\"aEEEe4\">\n<div class=\"wp-block-gutenverse-divider guten-element guten-divider guten-YHh9qy\"><div class=\"guten-divider-wrapper\"><div class=\"guten-divider-default guten-divider-line guten-divider-regular\"><\/div><\/div><\/div>\n<\/div><\/div>\n\n\n\n<div class=\"wp-block-gutenverse-column guten-element guten-column guten-SaDtNJ\"><div class=\"guten-column-wrapper\" data-id=\"SaDtNJ\">\n<div class=\"guten-element guten-social-icons guten-GQTz7i rounded horizontal fill\">\n<div class=\"guten-element guten-social-icon guten-NIVyVE instagram\"><a id=\"guten-NIVyVE\" href=\"https:\/\/www.instagram.com\/akftrnn\" target=\"_blank\" rel=\"noreferrer noopener\"><i class=\"fab fa-instagram\"><\/i><\/a><\/div>\n\n\n\n<div class=\"guten-element guten-social-icon guten-hbc7QK link\"><a id=\"guten-hbc7QK\" href=\"https:\/\/www.linkedin.com\/in\/akftrnn\" target=\"_blank\" rel=\"noreferrer noopener\"><i class=\"fab fa-linkedin-in\"><\/i><\/a><\/div>\n<\/div>\n<\/div><\/div>\n<\/div><\/section><\/div>\n<\/div><\/div>\n<\/div><\/section><\/div>\n\n\n\n<div class=\"section-wrapper\" data-id=\"dIbX5l\"><section class=\"wp-block-gutenverse-section guten-element guten-section guten-dIbX5l layout-fullwidth align-stretch\"><div class=\"guten-background-overlay\"><\/div><div class=\"guten-container guten-column-gap-no\">\n<div class=\"wp-block-gutenverse-column guten-element guten-column guten-t1tGLS\"><div class=\"guten-column-wrapper\" data-id=\"t1tGLS\">\n<div class=\"section-wrapper\" data-id=\"S19CTz\"><section class=\"wp-block-gutenverse-section guten-element guten-section guten-S19CTz layout-boxed align-stretch\"><div class=\"guten-background-overlay\"><\/div><div class=\"guten-container guten-column-gap-no\">\n<div class=\"wp-block-gutenverse-column guten-element guten-column guten-U05OyN animated guten-element-hide desktop-fadeInUp\"><div class=\"guten-column-wrapper\" data-id=\"U05OyN\">\n<h1 class=\"wp-block-gutenverse-heading guten-element guten-1QcrJ7 animated guten-element-hide desktop-fadeInUp\">\u015eiirlerim<\/h1>\n\n\n\n<div class=\"guten-element gutenverse-text-editor guten-F0aLJH animated guten-element-hide desktop-fadeInUp\"><div class=\"text-content-inner\">\n<p><\/p>\n<\/div><\/div>\n<\/div><\/div>\n<\/div><\/section><\/div>\n<\/div><\/div>\n<\/div><\/section><\/div>\n\n\n\n<div class=\"section-wrapper\" data-id=\"LK0AcE\"><section class=\"wp-block-gutenverse-section guten-element guten-section guten-LK0AcE layout-boxed align-stretch\"><div class=\"guten-container guten-column-gap-no\">\n<div class=\"wp-block-gutenverse-column guten-element guten-column guten-YMa2ku\"><div class=\"guten-column-wrapper\" data-id=\"YMa2ku\"><div  class=\"gutenverse guten-postblock postblock-type-1 guten-pagination-disable break-point-tablet post-element guten-eZO3Kw\"  data-id=\"guten-eZO3Kw\" data-settings=\"{&quot;elementId&quot;:&quot;guten-eZO3Kw&quot;,&quot;numberPost&quot;:&quot;30&quot;,&quot;postItemMargin&quot;:{&quot;Desktop&quot;:{&quot;unit&quot;:&quot;px&quot;,&quot;dimension&quot;:{&quot;top&quot;:&quot;&quot;,&quot;right&quot;:&quot;11111&quot;,&quot;bottom&quot;:&quot;&quot;,&quot;left&quot;:&quot;&quot;}}},&quot;postItemPadding&quot;:{&quot;Desktop&quot;:{&quot;unit&quot;:&quot;px&quot;,&quot;dimension&quot;:{&quot;top&quot;:&quot;25&quot;,&quot;right&quot;:&quot;25&quot;,&quot;bottom&quot;:&quot;25&quot;,&quot;left&quot;:&quot;&quot;}}},&quot;postItemBorder&quot;:{&quot;radius&quot;:{&quot;Desktop&quot;:{&quot;unit&quot;:&quot;px&quot;,&quot;dimension&quot;:{&quot;top&quot;:&quot;&quot;,&quot;right&quot;:&quot;&quot;,&quot;bottom&quot;:&quot;&quot;,&quot;left&quot;:&quot;&quot;}}},&quot;all&quot;:{&quot;type&quot;:&quot;solid&quot;},&quot;right&quot;:{&quot;type&quot;:&quot;solid&quot;}},&quot;inheritQuery&quot;:true,&quot;postType&quot;:&quot;post&quot;,&quot;postOffset&quot;:0,&quot;column&quot;:[],&quot;excludeCurrentPost&quot;:false,&quot;includePost&quot;:[],&quot;excludePost&quot;:[],&quot;includeCategory&quot;:[],&quot;excludeCategory&quot;:[],&quot;includeAuthor&quot;:[],&quot;includeTag&quot;:[],&quot;excludeTag&quot;:[],&quot;htmlTag&quot;:&quot;h3&quot;,&quot;categoryEnabled&quot;:true,&quot;categoryPosition&quot;:&quot;center&quot;,&quot;excerptEnabled&quot;:true,&quot;excerptLength&quot;:20,&quot;excerptMore&quot;:&quot;...&quot;,&quot;readmoreEnabled&quot;:true,&quot;readmoreIcon&quot;:&quot;fas fa-arrow-right&quot;,&quot;readmoreIconPosition&quot;:&quot;after&quot;,&quot;readmoreText&quot;:&quot;Read More&quot;,&quot;commentEnabled&quot;:false,&quot;commentIcon&quot;:&quot;fas fa-comment&quot;,&quot;commentIconPosition&quot;:&quot;before&quot;,&quot;metaEnabled&quot;:true,&quot;metaAuthorEnabled&quot;:true,&quot;metaAuthorByText&quot;:&quot;by&quot;,&quot;metaAuthorIcon&quot;:&quot;fas fa-user&quot;,&quot;metaAuthorIconPosition&quot;:&quot;before&quot;,&quot;metaDateEnabled&quot;:true,&quot;metaDateType&quot;:&quot;published&quot;,&quot;metaDateFormat&quot;:&quot;default&quot;,&quot;metaDateFormatCustom&quot;:&quot;&quot;,&quot;metaDateIcon&quot;:&quot;fas fa-clock&quot;,&quot;metaDateIconPosition&quot;:&quot;before&quot;,&quot;postblockType&quot;:&quot;type-1&quot;,&quot;breakpoint&quot;:&quot;tablet&quot;,&quot;noContentText&quot;:&quot;No Content&quot;,&quot;paginationMode&quot;:&quot;disable&quot;,&quot;paginationLoadmoreText&quot;:&quot;Load More&quot;,&quot;paginationLoadingText&quot;:&quot;Loading...&quot;,&quot;paginationNumberPost&quot;:3,&quot;paginationScrollLimit&quot;:0,&quot;paginationIcon&quot;:&quot;&quot;,&quot;paginationIconType&quot;:&quot;icon&quot;,&quot;paginationIconSVG&quot;:&quot;&quot;,&quot;paginationIconPosition&quot;:&quot;before&quot;,&quot;background&quot;:[],&quot;backgroundHover&quot;:[],&quot;animation&quot;:[],&quot;paginationPrevNextText&quot;:true,&quot;paginationPrevText&quot;:&quot;Prev&quot;,&quot;paginationNextText&quot;:&quot;Next&quot;,&quot;paginationPrevIcon&quot;:&quot;fas fa-chevron-left&quot;,&quot;paginationPrevIconType&quot;:&quot;icon&quot;,&quot;paginationNextIcon&quot;:&quot;fas fa-chevron-right&quot;,&quot;paginationNextIconType&quot;:&quot;icon&quot;,&quot;contentOrder&quot;:[{&quot;label&quot;:&quot;Title&quot;,&quot;value&quot;:&quot;title&quot;},{&quot;label&quot;:&quot;Meta&quot;,&quot;value&quot;:&quot;meta&quot;},{&quot;label&quot;:&quot;Excerpt&quot;,&quot;value&quot;:&quot;excerpt&quot;},{&quot;label&quot;:&quot;Read More&quot;,&quot;value&quot;:&quot;read&quot;}],&quot;paginationLoadmoreAnimation&quot;:&quot;&quot;,&quot;paginationLoadmoreAnimationSequence&quot;:&quot;&quot;,&quot;paged&quot;:1,&quot;class&quot;:null}\"><div class=\"guten-block-container\">\n            <div class=\"guten-posts guten-ajax-flag\">\n            <article class=\"guten-post post-226 post type-post status-publish format-standard hentry\">\n                    <div class=\"guten-thumb\"><a aria-label=\"Aldat\u0131lmak\" href=\"javascript:void(0);\" data-href=\"https:\/\/turanakif.com\/index.php\/2026\/04\/12\/aldatilmak\/\"><div class=\"thumbnail-container no_thumbnail\">\n            \n\t\t\t<div class=\"guten-overlay\"><\/div>\n        <\/div><\/a><\/div>\n                    <div class=\"guten-postblock-content\"><h3 class=\"guten-post-title\">\n\t\t\t\t\t\t\t<a aria-label=\"Aldat\u0131lmak\" href=\"javascript:void(0);\" data-href=\"https:\/\/turanakif.com\/index.php\/2026\/04\/12\/aldatilmak\/\">Aldat\u0131lmak<\/a>\n\t\t\t\t\t\t<\/h3><div class=\"guten-post-meta\"><div class=\"guten-meta-author icon-position-before\"><i aria-hidden=\"true\" class=\"fas fa-user\"><\/i><span class=\"by\">by<\/span> <a href=\"javascript:void(0);\" data-href=\"https:\/\/turanakif.com\/index.php\/author\/akifturan\/\" aria-label=\"Author Akif Turan\">Akif Turan<\/a><\/div><div class=\"guten-meta-date icon-position-before\"><i aria-hidden=\"true\" class=\"fas fa-clock\"><\/i>12 Nisan 2026<\/div><\/div><div class=\"guten-post-excerpt\"><p>B\u00fct\u00fcn renklerin soldu\u011fu,Her \u015feyin anlams\u0131z geldi\u011fi,Sesinin \u00e7\u0131kamad\u0131\u011f\u0131 bir an. Hayattan umudunun kalmad\u0131\u011f\u0131,A\u015fka olan inanc\u0131n\u0131n,Sevgiye dair beklentinin bitti\u011fi bir an. Ka\u00e7mak&#8230;<\/p><\/div><div class=\"guten-post-meta-bottom\">\n\t\t\t\t\t\t\t<div class=\"guten-meta-readmore icon-position-after\">\n\t\t\t\t<a aria-label=\"Read more about Aldat\u0131lmak\" href=\"javascript:void(0);\" data-href=\"https:\/\/turanakif.com\/index.php\/2026\/04\/12\/aldatilmak\/\" class=\"guten-readmore\">Read More<i aria-hidden=\"true\" class=\"fas fa-arrow-right\"><\/i><span class=\"screen-reader-text\"> about Aldat\u0131lmak<\/span><\/a>\n\t\t\t<\/div>\n\t\t\t\t\t\t<\/div><\/div>\n                <\/article><article class=\"guten-post post-1 post type-post status-publish format-standard hentry\">\n                    <div class=\"guten-thumb\"><a aria-label=\"Ah ki Ne Ah\" href=\"javascript:void(0);\" data-href=\"https:\/\/turanakif.com\/index.php\/2026\/04\/12\/ah-ki-ne-ah\/\"><div class=\"thumbnail-container no_thumbnail\">\n            \n\t\t\t<div class=\"guten-overlay\"><\/div>\n        <\/div><\/a><\/div>\n                    <div class=\"guten-postblock-content\"><h3 class=\"guten-post-title\">\n\t\t\t\t\t\t\t<a aria-label=\"Ah ki Ne Ah\" href=\"javascript:void(0);\" data-href=\"https:\/\/turanakif.com\/index.php\/2026\/04\/12\/ah-ki-ne-ah\/\">Ah ki Ne Ah<\/a>\n\t\t\t\t\t\t<\/h3><div class=\"guten-post-meta\"><div class=\"guten-meta-author icon-position-before\"><i aria-hidden=\"true\" class=\"fas fa-user\"><\/i><span class=\"by\">by<\/span> <a href=\"javascript:void(0);\" data-href=\"https:\/\/turanakif.com\/index.php\/author\/akifturan\/\" aria-label=\"Author Akif Turan\">Akif Turan<\/a><\/div><div class=\"guten-meta-date icon-position-before\"><i aria-hidden=\"true\" class=\"fas fa-clock\"><\/i>12 Nisan 2026<\/div><\/div><div class=\"guten-post-excerpt\"><p>Ne kadar zor, de\u011fil mi?Sevdi\u011finiz ki\u015fi yak\u0131n\u0131n\u0131zda,Ama bir o kadar uzakta.G\u00f6zleriniz bulu\u015famaz,Hayalleriniz kavu\u015famaz,Elinizi uzatt\u0131k\u00e7a uzakla\u015f\u0131rs\u0131n\u0131z; Ama siz her an onun&#8230;<\/p><\/div><div class=\"guten-post-meta-bottom\">\n\t\t\t\t\t\t\t<div class=\"guten-meta-readmore icon-position-after\">\n\t\t\t\t<a aria-label=\"Read more about Ah ki Ne Ah\" href=\"javascript:void(0);\" data-href=\"https:\/\/turanakif.com\/index.php\/2026\/04\/12\/ah-ki-ne-ah\/\" class=\"guten-readmore\">Read More<i aria-hidden=\"true\" class=\"fas fa-arrow-right\"><\/i><span class=\"screen-reader-text\"> about Ah ki Ne Ah<\/span><\/a>\n\t\t\t<\/div>\n\t\t\t\t\t\t<\/div><\/div>\n                <\/article>\n        <\/div>\n        <\/div><\/div><\/div><\/div>\n<\/div><\/section><\/div>\n\n\n\n<div class=\"section-wrapper\" data-id=\"WvjuxI\"><section class=\"wp-block-gutenverse-section guten-element guten-section guten-WvjuxI layout-fullwidth align-stretch\"><div class=\"guten-container guten-column-gap-no\">\n<div class=\"wp-block-gutenverse-column guten-element guten-column guten-cpegdb\"><div class=\"guten-column-wrapper\" data-id=\"cpegdb\">\n<div class=\"section-wrapper\" data-id=\"vvi2A6\"><section class=\"wp-block-gutenverse-section guten-element guten-section guten-vvi2A6 layout-fullwidth align-stretch\"><div class=\"guten-background-overlay\"><\/div><div class=\"guten-container guten-column-gap-no\">\n<div class=\"wp-block-gutenverse-column guten-element guten-column guten-dg2qa3\"><div class=\"guten-column-wrapper\" data-id=\"dg2qa3\">\n<div class=\"section-wrapper\" data-id=\"WbvEoA\"><section class=\"wp-block-gutenverse-section guten-element guten-section guten-WbvEoA layout-boxed align-stretch\"><div class=\"guten-container guten-column-gap-no\">\n<div class=\"wp-block-gutenverse-column guten-element guten-column guten-IhaBKT\"><div class=\"guten-column-wrapper\" data-id=\"IhaBKT\">\n<div class=\"section-wrapper\" data-id=\"CZcnCm\"><section class=\"wp-block-gutenverse-section guten-element guten-section guten-CZcnCm layout-fullwidth align-stretch\"><div class=\"guten-container guten-column-gap-no\">\n<div class=\"wp-block-gutenverse-column guten-element guten-column guten-Jmqc3z\"><div class=\"guten-column-wrapper\" data-id=\"Jmqc3z\">\n<div class=\"guten-element gutenverse-text-editor guten-7yPt57 animated guten-element-hide desktop-fadeInUp\"><div class=\"text-content-inner\">\n<p><\/p>\n<\/div><\/div>\n<\/div><\/div>\n\n\n\n<div class=\"wp-block-gutenverse-column guten-element guten-column guten-ma7FWq\"><div class=\"guten-column-wrapper\" data-id=\"ma7FWq\">\n<h2 class=\"wp-block-gutenverse-heading guten-element guten-BMlWVz animated guten-element-hide desktop-fadeInUp\">Contact Info<\/h2>\n\n\n\n<div class=\"guten-element guten-icon-list guten-mtnlYf animated guten-element-hide desktop-fadeInUp\"><div class=\" list-wrapper \">\n<div class=\"guten-element guten-icon-list-item guten-6nQusR\"><div class=\"list-divider\"><\/div><a id=\"guten-6nQusR\"><span class=\"list-text no-icon\">akifturan 1312@gmail.com<\/span><\/a><\/div>\n\n\n\n<div class=\"guten-element guten-icon-list-item guten-VLUy71\"><div class=\"list-divider\"><\/div><a id=\"guten-VLUy71\"><span class=\"list-text no-icon\">+90 530 185 54 90<\/span><\/a><\/div>\n<\/div><\/div>\n<\/div><\/div>\n<\/div><\/section><\/div>\n<\/div><\/div>\n<\/div><\/section><\/div>\n\n\n\n<div class=\"section-wrapper\" data-id=\"aqvcsd\"><section class=\"wp-block-gutenverse-section guten-element guten-section guten-aqvcsd layout-fullwidth align-stretch\"><div class=\"guten-container guten-column-gap-no\">\n<div class=\"wp-block-gutenverse-column guten-element guten-column guten-lC8Yc6\"><div class=\"guten-column-wrapper\" data-id=\"lC8Yc6\">\n<div class=\"section-wrapper\" data-id=\"NcHeFC\"><section class=\"wp-block-gutenverse-section guten-element guten-section guten-NcHeFC layout-boxed align-stretch\"><div class=\"guten-container guten-column-gap-no\">\n<div class=\"wp-block-gutenverse-column guten-element guten-column guten-VlANyF animated guten-element-hide desktop-fadeInUp\"><div class=\"guten-column-wrapper\" data-id=\"VlANyF\">\n<div class=\"guten-element gutenverse-text-editor guten-7TNCE7\"><div class=\"text-content-inner\">\n<p>Copyright \u00a9 2025. All rights reserved. Powered by <a href=\"https:\/\/gutenverse.com\/\" target=\"_blank\" rel=\"noreferrer noopener\">Gutenverse Blocks Addons.<\/a><\/p>\n<\/div><\/div>\n\n\n\n<div class=\"guten-element guten-social-icons guten-rOpMka rounded horizontal fill hide-mobile show-text\">\n<div class=\"guten-element guten-social-icon guten-ZAShxG instagram\"><a id=\"guten-ZAShxG\" href=\"https:\/\/www.instagram.com\/akftrnn\" target=\"_blank\" rel=\"noreferrer noopener\"><i class=\"fab fa-instagram\"><\/i><span>Instagram<\/span><\/a><\/div>\n\n\n\n<div class=\"guten-element guten-social-icon guten-M2bpXH link\"><a id=\"guten-M2bpXH\" href=\"https:\/\/www.linkedin.com\/in\/akftrnn\" target=\"_blank\" rel=\"noreferrer noopener\"><i class=\"fab fa-linkedin-in\"><\/i><span>Linkedin<\/span><\/a><\/div>\n<\/div>\n<\/div><\/div>\n<\/div><\/section><\/div>\n<\/div><\/div>\n<\/div><\/section><\/div>\n<\/div><\/div>\n<\/div><\/section><\/div>\n<\/div><\/div>\n<\/div><\/section><\/div>\n","protected":false},"excerpt":{"rendered":"","protected":false},"author":1,"featured_media":0,"parent":0,"menu_order":0,"comment_status":"closed","ping_status":"closed","template":"blank-canvas","meta":{"footnotes":""},"class_list":["post-72","page","type-page","status-publish","hentry"],"_links":{"self":[{"href":"https:\/\/turanakif.com\/index.php\/wp-json\/wp\/v2\/pages\/72","targetHints":{"allow":["GET"]}}],"collection":[{"href":"https:\/\/turanakif.com\/index.php\/wp-json\/wp\/v2\/pages"}],"about":[{"href":"https:\/\/turanakif.com\/index.php\/wp-json\/wp\/v2\/types\/page"}],"author":[{"embeddable":true,"href":"https:\/\/turanakif.com\/index.php\/wp-json\/wp\/v2\/users\/1"}],"replies":[{"embeddable":true,"href":"https:\/\/turanakif.com\/index.php\/wp-json\/wp\/v2\/comments?post=72"}],"version-history":[{"count":22,"href":"https:\/\/turanakif.com\/index.php\/wp-json\/wp\/v2\/pages\/72\/revisions"}],"predecessor-version":[{"id":225,"href":"https:\/\/turanakif.com\/index.php\/wp-json\/wp\/v2\/pages\/72\/revisions\/225"}],"wp:attachment":[{"href":"https:\/\/turanakif.com\/index.php\/wp-json\/wp\/v2\/media?parent=72"}],"curies":[{"name":"wp","href":"https:\/\/api.w.org\/{rel}","templated":true}]}}